{"id":1645,"date":"2022-04-04T07:24:05","date_gmt":"2022-04-04T07:24:05","guid":{"rendered":"https:\/\/theys.fr\/?page_id=1645"},"modified":"2022-07-08T07:14:20","modified_gmt":"2022-07-08T07:14:20","slug":"vie-economique","status":"publish","type":"page","link":"https:\/\/theys.fr\/vie-economique\/","title":{"rendered":"Vie \u00e9conomique"},"content":{"rendered":"<div data-colibri-id=\"1645-c1\" class=\"style-815 style-local-1645-c1 position-relative\">\r\n  <!---->\r\n  <div data-colibri-component=\"section\" data-colibri-id=\"1645-c2\" id=\"reusable-sections-2\" class=\"h-section h-section-global-spacing d-flex align-items-lg-center align-items-md-center align-items-center style-862 style-local-1645-c2 position-relative\">\r\n    <!---->\r\n    <!---->\r\n    <div class=\"h-section-grid-container h-section-boxed-container\">\r\n      <!---->\r\n      <div data-colibri-id=\"1645-c3\" class=\"h-row-container gutters-row-lg-2 gutters-row-md-2 gutters-row-0 gutters-row-v-lg-2 gutters-row-v-md-2 gutters-row-v-2 style-863 style-local-1645-c3 position-relative\">\r\n        <!---->\r\n        <div class=\"h-row justify-content-lg-center justify-content-md-center justify-content-center align-items-lg-stretch align-items-md-stretch align-items-stretch gutters-col-lg-2 gutters-col-md-2 gutters-col-0 gutters-col-v-lg-2 gutters-col-v-md-2 gutters-col-v-2\">\r\n          <!---->\r\n          <div class=\"h-column h-column-container d-flex h-col-lg-auto h-col-md-auto h-col-auto style-864-outer style-local-1645-c4-outer\">\r\n            <div data-colibri-id=\"1645-c4\" class=\"d-flex h-flex-basis h-column__inner h-px-lg-2 h-px-md-2 h-px-2 v-inner-lg-2 v-inner-md-2 v-inner-2 style-864 style-local-1645-c4 position-relative\">\r\n              <!---->\r\n              <!---->\r\n              <div class=\"w-100 h-y-container h-column__content h-column__v-align flex-basis-100 align-self-lg-start align-self-md-start align-self-start\">\r\n                <!---->\r\n                <div data-colibri-id=\"1645-c5\" class=\"h-text h-text-component style-865 style-local-1645-c5 position-relative h-element\">\r\n                  <!---->\r\n                  <!---->\r\n                  <div class=\"\">\r\n                    <p>Pour appara\u00eetre dans cette section, modifier des donn\u00e9es, merci de contacter la mairie<\/p>\r\n                  <\/div>\r\n                <\/div>\r\n              <\/div>\r\n            <\/div>\r\n          <\/div>\r\n        <\/div>\r\n      <\/div>\r\n      <div data-colibri-id=\"1645-c6\" class=\"h-row-container gutters-row-lg-2 gutters-row-md-2 gutters-row-0 gutters-row-v-lg-2 gutters-row-v-md-2 gutters-row-v-2 style-866 style-local-1645-c6 position-relative\">\r\n        <!---->\r\n        <div class=\"h-row justify-content-lg-center justify-content-md-center justify-content-center align-items-lg-stretch align-items-md-stretch align-items-stretch gutters-col-lg-2 gutters-col-md-2 gutters-col-0 gutters-col-v-lg-2 gutters-col-v-md-2 gutters-col-v-2\">\r\n          <!---->\r\n          <div class=\"h-column h-column-container d-flex h-col-lg-auto h-col-md-auto h-col-auto style-867-outer style-local-1645-c7-outer\">\r\n            <div data-colibri-id=\"1645-c7\" class=\"d-flex h-flex-basis h-column__inner h-px-lg-2 h-px-md-2 h-px-2 v-inner-lg-2 v-inner-md-2 v-inner-2 style-867 style-local-1645-c7 position-relative\">\r\n              <!---->\r\n              <!---->\r\n              <div class=\"w-100 h-y-container h-column__content h-column__v-align flex-basis-100 align-self-lg-start align-self-md-start align-self-start\">\r\n                <!---->\r\n                <div data-colibri-id=\"1645-c8\" class=\"style-868 style-local-1645-c8 position-relative h-element\">\r\n                  <!---->\r\n                  <div>\r\n                    \r\n                    <p><\/p>\r\n                    \r\n\r\n                    \n<table id=\"tablepress-3\" class=\"tablepress tablepress-id-3\">\n<thead>\n<tr class=\"row-1\">\n\t<td class=\"column-1\"><\/td><th class=\"column-2\">contact<\/th>\n<\/tr>\n<\/thead>\n<tbody class=\"row-striping row-hover\">\n<tr class=\"row-2\">\n\t<td class=\"column-1\"><strong>Commerces alimentaires:<\/strong><\/td><td class=\"column-2\"><\/td>\n<\/tr>\n<tr class=\"row-3\">\n\t<td class=\"column-1\">Boulangerie Chaix<\/td><td class=\"column-2\">04 76 71 05 09<br \/>\n<br \/>\nOuvert  du mardi au samedi<br \/>\nde 07:00\u201313:00, 16:00\u201319:30<br \/>\n<br \/>\net le dimanche <br \/>\nde 07:00\u201312:30<\/td>\n<\/tr>\n<tr class=\"row-4\">\n\t<td class=\"column-1\">L'Epicerie \u00e0 Theys<\/td><td class=\"column-2\">04 76 98 52 88<br \/>\n<br \/>\nOuvert  <br \/>\nlundi \/ mardi \/ mercredi<br \/>\nvendredi \/ samedi<br \/>\nde 08:00\u201312:30, 16:00\u201319:30<br \/>\n<br \/>\net le dimanche<br \/>\nde 08:00\u201313:00<\/td>\n<\/tr>\n<tr class=\"row-5\">\n\t<td class=\"column-1\">Charcuterie Des 7 Laux<\/td><td class=\"column-2\">04 76 45 51 34<br \/>\n<br \/>\nOuvert  du mardi au samedi<br \/>\nde 08:00\u201312:00, 15:00\u201319:00<br \/>\n<br \/>\n<\/td>\n<\/tr>\n<tr class=\"row-6\">\n\t<td class=\"column-1\"><\/td><td class=\"column-2\"><\/td>\n<\/tr>\n<tr class=\"row-7\">\n\t<td class=\"column-1\"><strong>Bar, Tabac Presse et restaurants:<\/strong><\/td><td class=\"column-2\"><\/td>\n<\/tr>\n<tr class=\"row-8\">\n\t<td class=\"column-1\">Tabac Presse Loto Theys<\/td><td class=\"column-2\">04 76 98 10 91<br \/>\nlundi, mardi, mercredi, vendredi et samedi :<br \/>\n07h30 - 12h30<br \/>\n16h00 - 19h00<br \/>\n<br \/>\nJeudi et Dimanche :<br \/>\n07h30 - 12h00<\/td>\n<\/tr>\n<tr class=\"row-9\">\n\t<td class=\"column-1\">L'Estancot<\/td><td class=\"column-2\">06 52 66 85 17<br \/>\n<br \/>\nlundi\tFerm\u00e9<br \/>\nmardi\tFerm\u00e9<br \/>\nmercredi, jeudi et vendredi <br \/>\n07:00\u201312:30 15:30\u201319:00<br \/>\n07:00\u201312:30, 15:30\u201319:30<br \/>\nsamedi\t07:45\u201312:30, 15:30\u201319:30<br \/>\ndimanche\t07:45\u201312:30, 15:30\u201319:00<br \/>\n<\/td>\n<\/tr>\n<tr class=\"row-10\">\n\t<td class=\"column-1\">Caf\u00e9 de l'Hotel de Ville<\/td><td class=\"column-2\"> 09 66 86 72 11<br \/>\n<br \/>\ndu lundi au vendredi :<br \/>\n06:00 - 12h30 et 17h - 20h<br \/>\nSamedi et dimanche :<br \/>\n07h30 - 12h30 et 17h - 20h<\/td>\n<\/tr>\n<tr class=\"row-11\">\n\t<td class=\"column-1\">Restaurant La Bel'Excuse<\/td><td class=\"column-2\"> 04 76 71 02 59<br \/>\n<a href=\"https:\/\/www.la-bel-excuse.com\/\" rel=\"noopener\" target=\"_blank\">https:\/\/www.la-bel-excuse.com\/<\/a><br \/>\n<br \/>\nLe Soir : du mardi au samedi<br \/>\nLe Midi : le vendredi, samedi et dimanche<\/td>\n<\/tr>\n<tr class=\"row-12\">\n\t<td class=\"column-1\">Restaurant La Grange \u00e0 Phil<\/td><td class=\"column-2\"> 04 76 08 77 21<br \/>\n<a href=\"https:\/\/www.la-grange-a-phil.fr\/\">https:\/\/www.la-grange-a-phil.fr\/<\/a><br \/>\n<br \/>\nLundi - Mercredi<br \/>\n12:00 - 15:00<br \/>\nJeudi<br \/>\nFerm\u00e9<br \/>\nVendredi - Samedi<br \/>\n12:00 - 15:00<br \/>\n19:30 - 21:30<br \/>\nDimanche<br \/>\n12:00 - 15:00<\/td>\n<\/tr>\n<tr class=\"row-13\">\n\t<td class=\"column-1\">Restaurant Le Farinaud<\/td><td class=\"column-2\"> 04 76 08 75 75<br \/>\n<a href=\"http:\/\/lefarinaud.com\/\">http:\/\/lefarinaud.com\/<\/a><br \/>\n<br \/>\nDe d\u00e9cembre \u00e0 avril et de Juin \u00e0 septembre<br \/>\nouvert tous les jours<\/td>\n<\/tr>\n<tr class=\"row-14\">\n\t<td class=\"column-1\"><strong>Salon de coiffure et soins du corps<\/strong><\/td><td class=\"column-2\"><\/td>\n<\/tr>\n<tr class=\"row-15\">\n\t<td class=\"column-1\">Coif &amp; Moi<br \/>\nsalon de coiffure<\/td><td class=\"column-2\">04 57 93 33 41<br \/>\n<br \/>\nhoraires d'ouvertrure:<br \/>\nMardi , jeudi, vendredi et samedi :<br \/>\n8h15 - 12h00<br \/>\n14h00 - 17h30<br \/>\n<br \/>\nMercredi :<br \/>\n8h15 - 12h00<\/td>\n<\/tr>\n<tr class=\"row-16\">\n\t<td class=\"column-1\">D\u00e9lica'theys<br \/>\nsoins du corp<\/td><td class=\"column-2\">06.40.32.48.54<br \/>\n<a href=\"https:\/\/delicatheys.fr\/\">https:\/\/delicatheys.fr\/<\/a><br \/>\n<br \/>\nhoraires d'ouverture :<br \/>\nLe lundi de 15h \u00e0 19h30<br \/>\nDu mardi au vendredi de 9h \u00e0 13h et de 15h \u00e0 19h30<br \/>\nLe samedi de 9h \u00e0 12h<br \/>\n<br \/>\n<\/td>\n<\/tr>\n<tr class=\"row-17\">\n\t<td class=\"column-1\"><strong>Articles de sport<\/strong><\/td><td class=\"column-2\"><\/td>\n<\/tr>\n<tr class=\"row-18\">\n\t<td class=\"column-1\">Location ski Pipay - Bouchet Sport<\/td><td class=\"column-2\">04 76 08 76 76<br \/>\n<a href=\"https:\/\/www.location-ski-7laux-pipay.com\/\">https:\/\/www.location-ski-7laux-pipay.com\/<\/a><br \/>\n<br \/>\nLe magasin est ouvert 7 jours sur 7 durant la saison d'hiver.<br \/>\n<br \/>\nDu lundi au dimanche : de 8h30 \u00e0 18h non stop.<\/td>\n<\/tr>\n<\/tbody>\n<\/table>\n<!-- #tablepress-3 from cache -->\n\r\n\r\n                    \r\n                    <p><\/p>\r\n                    \r\n                  <\/div>\r\n                <\/div>\r\n              <\/div>\r\n            <\/div>\r\n          <\/div>\r\n        <\/div>\r\n      <\/div>\r\n    <\/div>\r\n  <\/div>\r\n<\/div>","protected":false},"excerpt":{"rendered":"<p>Pour appara\u00eetre dans cette section, modifier des donn\u00e9es, merci de contacter la mairie<\/p>\n","protected":false},"author":1,"featured_media":0,"parent":0,"menu_order":0,"comment_status":"closed","ping_status":"closed","template":"page-templates\/full-width-page.php","meta":{"footnotes":""},"class_list":["post-1645","page","type-page","status-publish","hentry"],"_links":{"self":[{"href":"https:\/\/theys.fr\/wp-json\/wp\/v2\/pages\/1645","targetHints":{"allow":["GET"]}}],"collection":[{"href":"https:\/\/theys.fr\/wp-json\/wp\/v2\/pages"}],"about":[{"href":"https:\/\/theys.fr\/wp-json\/wp\/v2\/types\/page"}],"author":[{"embeddable":true,"href":"https:\/\/theys.fr\/wp-json\/wp\/v2\/users\/1"}],"replies":[{"embeddable":true,"href":"https:\/\/theys.fr\/wp-json\/wp\/v2\/comments?post=1645"}],"version-history":[{"count":7,"href":"https:\/\/theys.fr\/wp-json\/wp\/v2\/pages\/1645\/revisions"}],"predecessor-version":[{"id":2493,"href":"https:\/\/theys.fr\/wp-json\/wp\/v2\/pages\/1645\/revisions\/2493"}],"wp:attachment":[{"href":"https:\/\/theys.fr\/wp-json\/wp\/v2\/media?parent=1645"}],"curies":[{"name":"wp","href":"https:\/\/api.w.org\/{rel}","templated":true}]}}