{"id":2150,"date":"2022-06-22T16:47:16","date_gmt":"2022-06-22T16:47:16","guid":{"rendered":"https:\/\/theys.fr\/?page_id=2150"},"modified":"2023-03-05T18:55:38","modified_gmt":"2023-03-05T18:55:38","slug":"la-petite-enfance","status":"publish","type":"page","link":"https:\/\/theys.fr\/la-petite-enfance\/","title":{"rendered":"La petite enfance"},"content":{"rendered":"\n<h2 class=\"wp-block-heading\"><mark style=\"background-color:rgba(0, 0, 0, 0)\" class=\"has-inline-color has-colibri-color-2-color\">Contacts :<\/mark><\/h2>\n\n\n\n<table id=\"tablepress-5\" class=\"tablepress tablepress-id-5\">\n<tbody class=\"row-striping row-hover\">\n<tr class=\"row-1\">\n\t<td class=\"column-1\">Micro cr\u00e8che \"Am Stram Gram\"\t<br \/>\n\t<\/td><td class=\"column-2\">06 56 83 70 72<\/td>\n<\/tr>\n<tr class=\"row-2\">\n\t<td class=\"column-1\">Relais Assistantes Maternelles<\/td><td class=\"column-2\">actuellement ferm\u00e9<\/td>\n<\/tr>\n<\/tbody>\n<\/table>\n<!-- #tablepress-5 from cache -->\n\n\n\n<div class=\"wp-block-group\"><div class=\"wp-block-group__inner-container is-layout-flow wp-block-group-is-layout-flow\">\n<h2 class=\"wp-block-heading\"><mark style=\"background-color:rgba(0, 0, 0, 0)\" class=\"has-inline-color has-colibri-color-2-color\">AM STRAM GRAM<\/mark><\/h2>\n\n\n\n<p>La Micro cr\u00e8che \u00ab\u00a0AM STRAM GRAM\u00a0\u00bb est ouverte 3 jours par semaine, lundi, mardi et jeudi, de 8 heures \u00e0 17 heures.  Elle est ferm\u00e9e sur toutes les p\u00e9riodes de vacances scolaires.  La capacit\u00e9 d&rsquo;accueil est de 10 enfants. Le tarif horaire est \u00e9tabli en fonction des d\u00e9clarations de ressources des familles.<\/p>\n<\/div><\/div>\n\n\n\n<div class=\"wp-block-columns is-layout-flex wp-container-core-columns-is-layout-9d6595d7 wp-block-columns-is-layout-flex\">\n<div class=\"wp-block-column is-layout-flow wp-block-column-is-layout-flow\">\n<div class=\"wp-block-file\"><a id=\"wp-block-file--media-e409616b-febd-43c9-a96b-506ef4842d7a\" href=\"https:\/\/theys.fr\/wp-content\/uploads\/2022\/06\/Micro-creche-reglt-de-fonctionnement-mai-2021.pdf\">Micro cr\u00e8che : r\u00e8glement de fonctionnement<\/a><a href=\"https:\/\/theys.fr\/wp-content\/uploads\/2022\/06\/Micro-creche-reglt-de-fonctionnement-mai-2021.pdf\" class=\"wp-block-file__button\" download aria-describedby=\"wp-block-file--media-e409616b-febd-43c9-a96b-506ef4842d7a\">T\u00e9l\u00e9charger<\/a><\/div>\n<\/div>\n<\/div>\n\n\n\n<h2 class=\"wp-block-heading\"><mark style=\"background-color:rgba(0, 0, 0, 0)\" class=\"has-inline-color has-colibri-color-2-color\">Relais petite enfance<\/mark><\/h2>\n\n\n\n<p>Le Relais Assistants Maternels est actuellement ferm\u00e9. <\/p>\n\n\n\n<p><a rel=\"noreferrer noopener\" href=\"mailto:ram-theys@orange.fr\" target=\"_blank\">ram-theys@orange.fr<\/a><\/p>\n","protected":false},"excerpt":{"rendered":"<p>Contacts : AM STRAM GRAM La Micro cr\u00e8che \u00ab\u00a0AM STRAM GRAM\u00a0\u00bb est ouverte 3 jours par semaine, lundi, mardi et jeudi, de 8 heures \u00e0 17 heures. Elle est ferm\u00e9e sur toutes les p\u00e9riodes de vacances scolaires. La capacit\u00e9 d&rsquo;accueil est de 10 enfants. Le tarif horaire est \u00e9tabli en fonction des d\u00e9clarations de ressources [&hellip;]<\/p>\n","protected":false},"author":1,"featured_media":0,"parent":0,"menu_order":0,"comment_status":"closed","ping_status":"closed","template":"","meta":{"footnotes":""},"class_list":["post-2150","page","type-page","status-publish","hentry"],"_links":{"self":[{"href":"https:\/\/theys.fr\/wp-json\/wp\/v2\/pages\/2150","targetHints":{"allow":["GET"]}}],"collection":[{"href":"https:\/\/theys.fr\/wp-json\/wp\/v2\/pages"}],"about":[{"href":"https:\/\/theys.fr\/wp-json\/wp\/v2\/types\/page"}],"author":[{"embeddable":true,"href":"https:\/\/theys.fr\/wp-json\/wp\/v2\/users\/1"}],"replies":[{"embeddable":true,"href":"https:\/\/theys.fr\/wp-json\/wp\/v2\/comments?post=2150"}],"version-history":[{"count":8,"href":"https:\/\/theys.fr\/wp-json\/wp\/v2\/pages\/2150\/revisions"}],"predecessor-version":[{"id":3500,"href":"https:\/\/theys.fr\/wp-json\/wp\/v2\/pages\/2150\/revisions\/3500"}],"wp:attachment":[{"href":"https:\/\/theys.fr\/wp-json\/wp\/v2\/media?parent=2150"}],"curies":[{"name":"wp","href":"https:\/\/api.w.org\/{rel}","templated":true}]}}